{"id":69,"date":"2014-09-02T23:03:36","date_gmt":"2014-09-02T23:03:36","guid":{"rendered":"http:\/\/facultysites.etown.edu\/dursuno\/?page_id=69"},"modified":"2023-09-12T16:57:08","modified_gmt":"2023-09-12T16:57:08","slug":"books-2","status":"publish","type":"page","link":"https:\/\/facultysites.etown.edu\/dursuno\/books-2\/","title":{"rendered":"Books"},"content":{"rendered":"<div class=\"wp-block-image\">\n<figure class=\"aligncenter size-large is-resized\"><a href=\"https:\/\/facultysites.etown.edu\/dursuno\/files\/2023\/09\/Book-Cover.jpeg\"><img loading=\"lazy\" decoding=\"async\" src=\"https:\/\/facultysites.etown.edu\/dursuno\/files\/2023\/09\/Book-Cover-1024x1024.jpeg\" alt=\"\" class=\"wp-image-284\" width=\"279\" height=\"279\" srcset=\"https:\/\/facultysites.etown.edu\/dursuno\/files\/2023\/09\/Book-Cover-1024x1024.jpeg 1024w, https:\/\/facultysites.etown.edu\/dursuno\/files\/2023\/09\/Book-Cover-300x300.jpeg 300w, https:\/\/facultysites.etown.edu\/dursuno\/files\/2023\/09\/Book-Cover-150x150.jpeg 150w, https:\/\/facultysites.etown.edu\/dursuno\/files\/2023\/09\/Book-Cover-768x768.jpeg 768w, https:\/\/facultysites.etown.edu\/dursuno\/files\/2023\/09\/Book-Cover-1536x1536.jpeg 1536w, https:\/\/facultysites.etown.edu\/dursuno\/files\/2023\/09\/Book-Cover.jpeg 2048w\" sizes=\"auto, (max-width: 279px) 100vw, 279px\" \/><\/a><figcaption class=\"wp-element-caption\"><em>T\u00fcrkiye<\/em>&#8211;<em>Bat\u0131 \u0130li\u015fkileri<\/em>: <em>\u0130ttifak \u0130\u00e7i Muhalefet Siyaseti, <\/em>Koc University Press, 2023<\/figcaption><\/figure><\/div>\n\n<p>\u00a0<\/p>\n<p><img loading=\"lazy\" decoding=\"async\" class=\"aligncenter\" src=\"https:\/\/facultysites.etown.edu\/dursuno\/files\/2021\/06\/Book-Cover-the-nexus-between-security-sector-reformgovernance-and-sustainable-development-goal-16-1-716x1024.jpg\" alt=\"This image has an empty alt attribute; its file name is Book-Cover-the-nexus-between-security-sector-reformgovernance-and-sustainable-development-goal-16-1-716x1024.jpg\" width=\"224\" height=\"321\" \/><\/p>\n<p><a href=\"https:\/\/doi.org\/10.5334\/bcm\"><i>The Nexus Between Security Sector Governance\/Reform and Sustainable Development Goal-16: An <\/i><i>Examination<\/i><i> of Conceptual Linkages and Policy Recommendations<\/i><\/a>. London:\u00a0<span class=\"marktmkouj2w4\" data-markjs=\"true\" data-ogac=\"\" data-ogab=\"\" data-ogsc=\"\" data-ogsb=\"\">Ubiquity<\/span><span class=\"mark7cuaji6jd\" data-markjs=\"true\" data-ogac=\"\" data-ogab=\"\" data-ogsc=\"\" data-ogsb=\"\">Press<\/span>.<a href=\"http:\/\/facultysites.etown.edu\/dursuno\/books-2\/oya-dursun-ozkanca-book-picture\/\" rel=\"attachment wp-att-221\">DOI:\u00a0<\/a><a href=\"https:\/\/doi.org\/10.5334\/bcm\" target=\"_blank\" rel=\"noopener noreferrer\" data-auth=\"NotApplicable\" data-linkindex=\"0\">https:\/\/doi.org\/10.5334\/bcm<\/a><a href=\"http:\/\/facultysites.etown.edu\/dursuno\/books-2\/oya-dursun-ozkanca-book-picture\/\" rel=\"attachment wp-att-221\">.<\/a><\/p>\n<p><a href=\"http:\/\/facultysites.etown.edu\/dursuno\/books-2\/oya-dursun-ozkanca-book-picture\/\" rel=\"attachment wp-att-221\"><img loading=\"lazy\" decoding=\"async\" class=\"wp-image-221 aligncenter\" src=\"https:\/\/facultysites.etown.edu\/dursuno\/files\/2020\/03\/Oya-Dursun-Ozkanca-Book-Picture-199x300.jpg\" alt=\"\" width=\"215\" height=\"324\" srcset=\"https:\/\/facultysites.etown.edu\/dursuno\/files\/2020\/03\/Oya-Dursun-Ozkanca-Book-Picture-199x300.jpg 199w, https:\/\/facultysites.etown.edu\/dursuno\/files\/2020\/03\/Oya-Dursun-Ozkanca-Book-Picture.jpg 229w\" sizes=\"auto, (max-width: 215px) 100vw, 215px\" \/><\/a><\/p>\n<p><a href=\"https:\/\/www.cambridge.org\/core\/books\/turkeywest-relations\/B7BA02FDC15C2178EB211D5BB51648AA\">Turkey\u2013West\u00a0Relations: The Politics of Intra-alliance Opposition<\/a> (Cambridge University Press, November 2019).<\/p>\n<p><a href=\"http:\/\/www.amazon.com\/European-Union-Security-Sector-Reform\/dp\/0415717760\/ref=sr_1_1?ie=UTF8&amp;qid=1409712495&amp;sr=8-1&amp;keywords=oya+dursun+ozkanca\" target=\"_blank\" rel=\"noopener noreferrer\"><img loading=\"lazy\" decoding=\"async\" class=\"size-medium wp-image-54 aligncenter\" title=\"The European Union as an Actor in Security Sector Reform \" src=\"https:\/\/facultysites.etown.edu\/dursuno\/files\/2014\/09\/EU-as-an-actor-in-Security-Sector-Reform-Book-213x300.jpg\" alt=\"\" width=\"213\" height=\"300\" srcset=\"https:\/\/facultysites.etown.edu\/dursuno\/files\/2014\/09\/EU-as-an-actor-in-Security-Sector-Reform-Book-213x300.jpg 213w, https:\/\/facultysites.etown.edu\/dursuno\/files\/2014\/09\/EU-as-an-actor-in-Security-Sector-Reform-Book.jpg 246w\" sizes=\"auto, (max-width: 213px) 100vw, 213px\" \/><\/a><\/p>\n<p><a href=\"http:\/\/www.amazon.com\/European-Union-Security-Sector-Reform\/dp\/0415717760\/ref=sr_1_1?s=books&amp;ie=UTF8&amp;qid=1409712779&amp;sr=1-1\" target=\"_blank\" rel=\"noopener noreferrer\"><em>The European Union as an Actor in Security Sector Reform: Current Practices and Challenges of<\/em> Implementation <\/a>(Routledge, 2014).<\/p>\n<p><a href=\"http:\/\/facultysites.etown.edu\/dursuno\/eu-as-an-actor-in-security-sector-reform-book\/\"><img loading=\"lazy\" decoding=\"async\" class=\"size-medium wp-image-54 aligncenter\" src=\"https:\/\/facultysites.etown.edu\/dursuno\/files\/2014\/09\/EU-as-an-actor-in-Security-Sector-Reform-Book-213x300.jpg\" alt=\"\" width=\"213\" height=\"300\" srcset=\"https:\/\/facultysites.etown.edu\/dursuno\/files\/2014\/09\/EU-as-an-actor-in-Security-Sector-Reform-Book-213x300.jpg 213w, https:\/\/facultysites.etown.edu\/dursuno\/files\/2014\/09\/EU-as-an-actor-in-Security-Sector-Reform-Book.jpg 246w\" sizes=\"auto, (max-width: 213px) 100vw, 213px\" \/><\/a><\/p>\n<p style=\"text-align: left\"><a href=\"http:\/\/www.amazon.com\/External-Interventions-Civil-Wars-International\/dp\/0415711444\/ref=sr_1_2?s=books&amp;ie=UTF8&amp;qid=1409712975&amp;sr=1-2\" target=\"_blank\" rel=\"noopener noreferrer\"><em>External Interventions in Civil Wars: The Role and Impact of Regional and International <\/em><em>Organisations <\/em><\/a>(Routledge, 2014).<\/p>","protected":false},"excerpt":{"rendered":"<p>\u00a0 The Nexus Between Security Sector Governance\/Reform and Sustainable Development Goal-16: An Examination of Conceptual Linkages and Policy Recommendations. London:\u00a0UbiquityPress.DOI:\u00a0https:\/\/doi.org\/10.5334\/bcm. Turkey\u2013West\u00a0Relations: The Politics of Intra-alliance Opposition (Cambridge University Press, November 2019). The European Union as an Actor in Security Sector Reform: Current Practices and Challenges of Implementation (Routledge, 2014). External Interventions in Civil Wars: The &hellip; <a href=\"https:\/\/facultysites.etown.edu\/dursuno\/books-2\/\"><span class=\"custom-more\">Continue reading &rarr;<\/span><\/a><\/p>\n","protected":false},"author":56,"featured_media":0,"parent":0,"menu_order":0,"comment_status":"closed","ping_status":"closed","template":"","meta":{"footnotes":""},"class_list":["post-69","page","type-page","status-publish","hentry"],"_links":{"self":[{"href":"https:\/\/facultysites.etown.edu\/dursuno\/wp-json\/wp\/v2\/pages\/69","targetHints":{"allow":["GET"]}}],"collection":[{"href":"https:\/\/facultysites.etown.edu\/dursuno\/wp-json\/wp\/v2\/pages"}],"about":[{"href":"https:\/\/facultysites.etown.edu\/dursuno\/wp-json\/wp\/v2\/types\/page"}],"author":[{"embeddable":true,"href":"https:\/\/facultysites.etown.edu\/dursuno\/wp-json\/wp\/v2\/users\/56"}],"replies":[{"embeddable":true,"href":"https:\/\/facultysites.etown.edu\/dursuno\/wp-json\/wp\/v2\/comments?post=69"}],"version-history":[{"count":5,"href":"https:\/\/facultysites.etown.edu\/dursuno\/wp-json\/wp\/v2\/pages\/69\/revisions"}],"predecessor-version":[{"id":285,"href":"https:\/\/facultysites.etown.edu\/dursuno\/wp-json\/wp\/v2\/pages\/69\/revisions\/285"}],"wp:attachment":[{"href":"https:\/\/facultysites.etown.edu\/dursuno\/wp-json\/wp\/v2\/media?parent=69"}],"curies":[{"name":"wp","href":"https:\/\/api.w.org\/{rel}","templated":true}]}}